{"id":639,"date":"2026-04-07T08:47:42","date_gmt":"2026-04-07T00:47:42","guid":{"rendered":"https:\/\/yingdeli-cutlery.com\/?page_id=639"},"modified":"2026-04-23T11:04:47","modified_gmt":"2026-04-23T03:04:47","slug":"surdurulebi%cc%87li%cc%87rli%cc%87k-poli%cc%87ti%cc%87kasi","status":"publish","type":"page","link":"https:\/\/www.yingdeli-cutlery.com\/tr\/surdurulebi%cc%87li%cc%87rli%cc%87k-poli%cc%87ti%cc%87kasi\/","title":{"rendered":"S\u00fcrd\u00fcr\u00fclebilirlik Politikas\u0131"},"content":{"rendered":"<div data-elementor-type=\"wp-page\" data-elementor-id=\"639\" class=\"elementor elementor-639\" data-elementor-post-type=\"page\">\n\t\t\t\t<div class=\"elementor-element elementor-element-a8f1db5 e-flex e-con-boxed e-con e-parent\" data-id=\"a8f1db5\" data-element_type=\"container\" data-e-type=\"container\" data-settings=\"{&quot;background_background&quot;:&quot;classic&quot;}\">\n\t\t\t\t\t<div class=\"e-con-inner\">\n\t\t\t\t<div class=\"elementor-element elementor-element-1437a990 elementor-widget elementor-widget-heading\" data-id=\"1437a990\" data-element_type=\"widget\" data-e-type=\"widget\" data-widget_type=\"heading.default\">\n\t\t\t\t\t<p class=\"elementor-heading-title elementor-size-default\">Yingdeli \u00c7atal B\u0131\u00e7ak Tak\u0131m\u0131<\/p>\t\t\t\t<\/div>\n\t\t\t\t<div class=\"elementor-element elementor-element-505cfd34 elementor-widget elementor-widget-heading\" data-id=\"505cfd34\" data-element_type=\"widget\" data-e-type=\"widget\" data-widget_type=\"heading.default\">\n\t\t\t\t\t<h1 class=\"elementor-heading-title elementor-size-default\">S\u00fcrd\u00fcr\u00fclebilirlik Politikas\u0131<\/h1>\t\t\t\t<\/div>\n\t\t\t\t<div class=\"elementor-element elementor-element-526e3cfc elementor-widget elementor-widget-sp-breadcrumbs\" data-id=\"526e3cfc\" data-element_type=\"widget\" data-e-type=\"widget\" data-widget_type=\"sp-breadcrumbs.default\">\n\t\t\t\t<div class=\"elementor-widget-container\">\n\t\t\t\t\t<nav  aria-label=\"breadcrumb\"><ol class=\"breadcrumb\" itemscope itemtype=\"https:\/\/schema.org\/BreadcrumbList\"><li class=\"breadcrumb-item active\" aria-current=\"page\" itemprop=\"itemListElement\" itemscope itemtype=\"https:\/\/schema.org\/ListItem\"><span itemprop=\"name\">Home<\/span><meta itemprop=\"position\" content=\"1\"><\/li><\/ol><\/nav>\t\t\t\t<\/div>\n\t\t\t\t<\/div>\n\t\t\t\t\t<\/div>\n\t\t\t\t<\/div>\n\t\t<div class=\"elementor-element elementor-element-9403d54 e-flex e-con-boxed e-con e-parent\" data-id=\"9403d54\" data-element_type=\"container\" data-e-type=\"container\">\n\t\t\t\t\t<div class=\"e-con-inner\">\n\t\t\t\t<div class=\"elementor-element elementor-element-6f51f074 elementor-widget elementor-widget-heading\" data-id=\"6f51f074\" data-element_type=\"widget\" data-e-type=\"widget\" data-widget_type=\"heading.default\">\n\t\t\t\t\t<h2 class=\"elementor-heading-title elementor-size-default\">Yingdeli S\u00fcrd\u00fcr\u00fclebilirlik Politikas\u0131<\/h2>\t\t\t\t<\/div>\n\t\t\t\t<div class=\"elementor-element elementor-element-43507f94 elementor-widget elementor-widget-text-editor\" data-id=\"43507f94\" data-element_type=\"widget\" data-e-type=\"widget\" data-widget_type=\"text-editor.default\">\n\t\t\t\t\t\t\t\t\t<p>Yingdeli'de s\u00fcrd\u00fcr\u00fclebilirlik, yapt\u0131\u011f\u0131m\u0131z her \u015feyin merkezinde yer al\u0131r. Y\u00fcksek kaliteli paslanmaz \u00e7elik \u00e7atal b\u0131\u00e7ak tak\u0131m\u0131 ve sofra tak\u0131mlar\u0131n\u0131n lider \u00fcreticisi olarak, en y\u00fcksek i\u015f\u00e7ilik ve hizmet standartlar\u0131n\u0131 korurken \u00e7evresel etkimizi en aza indirmeye kararl\u0131y\u0131z. S\u00fcrd\u00fcr\u00fclebilirli\u011fe olan ba\u011fl\u0131l\u0131\u011f\u0131m\u0131z, hammadde tedarikinden nihai \u00fcr\u00fcne kadar \u00fcretim s\u00fcrecimizin her b\u00f6l\u00fcm\u00fcn\u00fc etkilemektedir.<\/p>\t\t\t\t\t\t\t\t<\/div>\n\t\t\t\t<div class=\"elementor-element elementor-element-8a94141 elementor-widget elementor-widget-image\" data-id=\"8a94141\" data-element_type=\"widget\" data-e-type=\"widget\" data-widget_type=\"image.default\">\n\t\t\t\t\t\t\t\t\t\t\t\t\t\t\t<img fetchpriority=\"high\" decoding=\"async\" width=\"1391\" height=\"578\" src=\"https:\/\/www.yingdeli-cutlery.com\/wp-content\/uploads\/2026\/04\/Yingdeli-Sustainability-Policy.webp\" class=\"attachment-full size-full wp-image-672\" alt=\"yingdeli\u0307 s\u00fcrd\u00fcr\u00fclebi\u0307li\u0307rli\u0307k poli\u0307ti\u0307kasi\" srcset=\"https:\/\/www.yingdeli-cutlery.com\/wp-content\/uploads\/2026\/04\/Yingdeli-Sustainability-Policy.webp 1391w, https:\/\/www.yingdeli-cutlery.com\/wp-content\/uploads\/2026\/04\/Yingdeli-Sustainability-Policy-600x249.webp 600w, https:\/\/www.yingdeli-cutlery.com\/wp-content\/uploads\/2026\/04\/Yingdeli-Sustainability-Policy-300x125.webp 300w, https:\/\/www.yingdeli-cutlery.com\/wp-content\/uploads\/2026\/04\/Yingdeli-Sustainability-Policy-1024x426.webp 1024w, https:\/\/www.yingdeli-cutlery.com\/wp-content\/uploads\/2026\/04\/Yingdeli-Sustainability-Policy-768x319.webp 768w\" sizes=\"(max-width: 1391px) 100vw, 1391px\" \/>\t\t\t\t\t\t\t\t\t\t\t\t\t\t\t<\/div>\n\t\t\t\t\t<\/div>\n\t\t\t\t<\/div>\n\t\t<div class=\"elementor-element elementor-element-d8659b2 e-flex e-con-boxed e-con e-parent\" data-id=\"d8659b2\" data-element_type=\"container\" data-e-type=\"container\">\n\t\t\t\t\t<div class=\"e-con-inner\">\n\t\t\t\t<div class=\"elementor-element elementor-element-cc94ab1 elementor-widget elementor-widget-heading\" data-id=\"cc94ab1\" data-element_type=\"widget\" data-e-type=\"widget\" data-widget_type=\"heading.default\">\n\t\t\t\t\t<h3 class=\"elementor-heading-title elementor-size-default\">1. Etik Kaynak Kullan\u0131m\u0131 ve Malzemeler<\/h3>\t\t\t\t<\/div>\n\t\t\t\t<div class=\"elementor-element elementor-element-3b6e610 elementor-widget elementor-widget-text-editor\" data-id=\"3b6e610\" data-element_type=\"widget\" data-e-type=\"widget\" data-widget_type=\"text-editor.default\">\n\t\t\t\t\t\t\t\t\t<p>Sadece \u00fcr\u00fcnlerimizin uzun \u00f6m\u00fcrl\u00fc olmas\u0131n\u0131 sa\u011flamakla kalmay\u0131p ayn\u0131 zamanda gezegeni de koruyan s\u00fcrd\u00fcr\u00fclebilir malzemeler kullanmaya inan\u0131yoruz. Paslanmaz \u00e7elik ve di\u011fer malzemelerimizi etik uygulamalara olan ba\u011fl\u0131l\u0131\u011f\u0131m\u0131z\u0131 payla\u015fan sayg\u0131n tedarik\u00e7ilerden temin ediyoruz. T\u00fcm malzemelerimiz uluslararas\u0131 kalite ve g\u00fcvenlik standartlar\u0131n\u0131 kar\u015f\u0131lamaktad\u0131r.<\/p>\t\t\t\t\t\t\t\t<\/div>\n\t\t\t\t<div class=\"elementor-element elementor-element-b350b1c elementor-widget elementor-widget-heading\" data-id=\"b350b1c\" data-element_type=\"widget\" data-e-type=\"widget\" data-widget_type=\"heading.default\">\n\t\t\t\t\t<h3 class=\"elementor-heading-title elementor-size-default\">2. Enerji Verimlili\u011fi ve At\u0131k Azalt\u0131m\u0131<\/h3>\t\t\t\t<\/div>\n\t\t\t\t<div class=\"elementor-element elementor-element-2a83ab6 elementor-widget elementor-widget-text-editor\" data-id=\"2a83ab6\" data-element_type=\"widget\" data-e-type=\"widget\" data-widget_type=\"text-editor.default\">\n\t\t\t\t\t\t\t\t\t<p>Yingdeli'de, \u00fcretim s\u00fcrecimizin her ad\u0131m\u0131nda enerji t\u00fcketimimizi optimize etmeye ve at\u0131klar\u0131 azaltmaya \u00e7al\u0131\u015f\u0131yoruz. Karbon emisyonlar\u0131n\u0131 en aza indirmek i\u00e7in enerji tasarruflu \u00fcretim teknikleri kullan\u0131yoruz ve at\u0131k y\u00f6netimi uygulamalar\u0131m\u0131z m\u00fcmk\u00fcn olan her yerde malzemelerin geri d\u00f6n\u00fc\u015ft\u00fcr\u00fclmesine ve yeniden kullan\u0131lmas\u0131na odaklan\u0131yor. Amac\u0131m\u0131z, m\u00fc\u015fterilerimize y\u00fcksek kaliteli \u00e7atal b\u0131\u00e7ak tak\u0131m\u0131 \u00e7\u00f6z\u00fcmleri sunarken \u00e7evresel ayak izimizi s\u00fcrekli olarak azaltmakt\u0131r.<\/p>\t\t\t\t\t\t\t\t<\/div>\n\t\t\t\t<div class=\"elementor-element elementor-element-4c045c7 elementor-widget elementor-widget-heading\" data-id=\"4c045c7\" data-element_type=\"widget\" data-e-type=\"widget\" data-widget_type=\"heading.default\">\n\t\t\t\t\t<h3 class=\"elementor-heading-title elementor-size-default\">3. \u00c7evre Dostu Ambalaj<\/h3>\t\t\t\t<\/div>\n\t\t\t\t<div class=\"elementor-element elementor-element-9e12cd5 elementor-widget elementor-widget-text-editor\" data-id=\"9e12cd5\" data-element_type=\"widget\" data-e-type=\"widget\" data-widget_type=\"text-editor.default\">\n\t\t\t\t\t\t\t\t\t<p>S\u00fcrd\u00fcr\u00fclebilir ambalajlaman\u0131n \u00f6nemini anl\u0131yor ve ambalaj malzemelerimizde plastik kullan\u0131m\u0131n\u0131 en aza indirmeyi hedefliyoruz. At\u0131klar\u0131 azaltmak ve t\u00fcm tedarik zinciri boyunca s\u00fcrd\u00fcr\u00fclebilirli\u011fi te\u015fvik etmek i\u00e7in geri d\u00f6n\u00fc\u015ft\u00fcr\u00fclebilir ve biyolojik olarak par\u00e7alanabilir malzemeler de dahil olmak \u00fczere \u00e7evre dostu ambalaj se\u00e7enekleri sunuyoruz.<\/p>\t\t\t\t\t\t\t\t<\/div>\n\t\t\t\t\t<\/div>\n\t\t\t\t<\/div>\n\t\t<div class=\"elementor-element elementor-element-4feb871 e-flex e-con-boxed e-con e-parent\" data-id=\"4feb871\" data-element_type=\"container\" data-e-type=\"container\">\n\t\t\t\t\t<div class=\"e-con-inner\">\n\t\t<div class=\"elementor-element elementor-element-ba06fc1 e-con-full e-flex e-con e-child\" data-id=\"ba06fc1\" data-element_type=\"container\" data-e-type=\"container\">\n\t\t\t\t<div class=\"elementor-element elementor-element-061147f elementor-widget elementor-widget-image\" data-id=\"061147f\" data-element_type=\"widget\" data-e-type=\"widget\" data-widget_type=\"image.default\">\n\t\t\t\t\t\t\t\t\t\t\t\t\t\t\t<img decoding=\"async\" width=\"530\" height=\"352\" src=\"https:\/\/www.yingdeli-cutlery.com\/wp-content\/uploads\/2026\/04\/save-water.webp\" class=\"attachment-full size-full wp-image-673\" alt=\"su tasarrufu\" srcset=\"https:\/\/www.yingdeli-cutlery.com\/wp-content\/uploads\/2026\/04\/save-water.webp 530w, https:\/\/www.yingdeli-cutlery.com\/wp-content\/uploads\/2026\/04\/save-water-300x199.webp 300w\" sizes=\"(max-width: 530px) 100vw, 530px\" \/>\t\t\t\t\t\t\t\t\t\t\t\t\t\t\t<\/div>\n\t\t\t\t<div class=\"elementor-element elementor-element-0fe380c elementor-widget elementor-widget-heading\" data-id=\"0fe380c\" data-element_type=\"widget\" data-e-type=\"widget\" data-widget_type=\"heading.default\">\n\t\t\t\t\t<h3 class=\"elementor-heading-title elementor-size-default\">4. Su Tasarrufu<\/h3>\t\t\t\t<\/div>\n\t\t\t\t<div class=\"elementor-element elementor-element-a321961 elementor-widget elementor-widget-text-editor\" data-id=\"a321961\" data-element_type=\"widget\" data-e-type=\"widget\" data-widget_type=\"text-editor.default\">\n\t\t\t\t\t\t\t\t\t<p>Su de\u011ferli bir kaynakt\u0131r ve biz onu sorumlu bir \u015fekilde kullanmaya kararl\u0131y\u0131z. Su t\u00fcketimini en aza indirmek ve bu de\u011ferli kayna\u011f\u0131 en verimli \u015fekilde kulland\u0131\u011f\u0131m\u0131zdan emin olmak i\u00e7in \u00fcretim s\u00fcre\u00e7lerimiz boyunca su tasarrufu uygulamalar\u0131 hayata ge\u00e7irdik.<\/p>\t\t\t\t\t\t\t\t<\/div>\n\t\t\t\t<\/div>\n\t\t<div class=\"elementor-element elementor-element-9dedaed e-con-full e-flex e-con e-child\" data-id=\"9dedaed\" data-element_type=\"container\" data-e-type=\"container\">\n\t\t\t\t<div class=\"elementor-element elementor-element-904b4f7 elementor-widget elementor-widget-image\" data-id=\"904b4f7\" data-element_type=\"widget\" data-e-type=\"widget\" data-widget_type=\"image.default\">\n\t\t\t\t\t\t\t\t\t\t\t\t\t\t\t<img decoding=\"async\" width=\"530\" height=\"352\" src=\"https:\/\/www.yingdeli-cutlery.com\/wp-content\/uploads\/2026\/04\/Yingdeli-Cutlery.webp\" class=\"attachment-full size-full wp-image-674\" alt=\"yingdeli \u00e7atal b\u0131\u00e7ak tak\u0131m\u0131\" srcset=\"https:\/\/www.yingdeli-cutlery.com\/wp-content\/uploads\/2026\/04\/Yingdeli-Cutlery.webp 530w, https:\/\/www.yingdeli-cutlery.com\/wp-content\/uploads\/2026\/04\/Yingdeli-Cutlery-300x199.webp 300w\" sizes=\"(max-width: 530px) 100vw, 530px\" \/>\t\t\t\t\t\t\t\t\t\t\t\t\t\t\t<\/div>\n\t\t\t\t<div class=\"elementor-element elementor-element-cd6d835 elementor-widget elementor-widget-heading\" data-id=\"cd6d835\" data-element_type=\"widget\" data-e-type=\"widget\" data-widget_type=\"heading.default\">\n\t\t\t\t\t<h3 class=\"elementor-heading-title elementor-size-default\">5. \u00dcr\u00fcn Dayan\u0131kl\u0131l\u0131\u011f\u0131 ve Ya\u015fam D\u00f6ng\u00fcs\u00fc<\/h3>\t\t\t\t<\/div>\n\t\t\t\t<div class=\"elementor-element elementor-element-f2abe60 elementor-widget elementor-widget-text-editor\" data-id=\"f2abe60\" data-element_type=\"widget\" data-e-type=\"widget\" data-widget_type=\"text-editor.default\">\n\t\t\t\t\t\t\t\t\t<p>Paslanmaz \u00e7elik \u00e7atal b\u0131\u00e7ak tak\u0131mlar\u0131m\u0131z ve sofra tak\u0131mlar\u0131m\u0131z uzun \u00f6m\u00fcrl\u00fc olacak \u015fekilde tasarlanm\u0131\u015ft\u0131r. Sadece estetik a\u00e7\u0131dan ho\u015f de\u011fil, ayn\u0131 zamanda dayan\u0131kl\u0131 ve uzun \u00f6m\u00fcrl\u00fc \u00fcr\u00fcnler yaratmaya odaklan\u0131yoruz. \u00dcr\u00fcnlerimizin uzun \u00f6m\u00fcrl\u00fc olmas\u0131n\u0131 sa\u011flayarak at\u0131klar\u0131n azalt\u0131lmas\u0131na ve s\u00fcrd\u00fcr\u00fclebilir t\u00fcketim modellerinin te\u015fvik edilmesine katk\u0131da bulunuyoruz.<\/p>\t\t\t\t\t\t\t\t<\/div>\n\t\t\t\t<\/div>\n\t\t\t\t\t<\/div>\n\t\t\t\t<\/div>\n\t\t<div class=\"elementor-element elementor-element-0065b2c e-flex e-con-boxed e-con e-parent\" data-id=\"0065b2c\" data-element_type=\"container\" data-e-type=\"container\">\n\t\t\t\t\t<div class=\"e-con-inner\">\n\t\t<div class=\"elementor-element elementor-element-d35a05d e-con-full e-flex e-con e-child\" data-id=\"d35a05d\" data-element_type=\"container\" data-e-type=\"container\">\n\t\t\t\t<div class=\"elementor-element elementor-element-5241414 elementor-widget elementor-widget-heading\" data-id=\"5241414\" data-element_type=\"widget\" data-e-type=\"widget\" data-widget_type=\"heading.default\">\n\t\t\t\t\t<h3 class=\"elementor-heading-title elementor-size-default\">6. S\u00fcrekli \u0130yile\u015ftirme<\/h3>\t\t\t\t<\/div>\n\t\t\t\t<div class=\"elementor-element elementor-element-bcfedc9 elementor-widget elementor-widget-text-editor\" data-id=\"bcfedc9\" data-element_type=\"widget\" data-e-type=\"widget\" data-widget_type=\"text-editor.default\">\n\t\t\t\t\t\t\t\t\t<p>S\u00fcrd\u00fcr\u00fclebilirlik bir yolculuktur, bir var\u0131\u015f noktas\u0131 de\u011fil. Yingdeli'de, \u00e7evreye duyarl\u0131 \u00fcretimin \u00f6n saflar\u0131nda yer almam\u0131z\u0131 sa\u011flamak i\u00e7in s\u00fcrd\u00fcr\u00fclebilirlik uygulamalar\u0131m\u0131z\u0131 s\u00fcrekli olarak de\u011ferlendiriyor ve geli\u015ftiriyoruz. Gelecek nesiller i\u00e7in \u00e7evreyi korurken m\u00fc\u015fterilerimizin ihtiya\u00e7lar\u0131n\u0131 kar\u015f\u0131lamaya kendimizi adam\u0131\u015f durumday\u0131z.<\/p>\t\t\t\t\t\t\t\t<\/div>\n\t\t\t\t<\/div>\n\t\t<div class=\"elementor-element elementor-element-25f1dbe e-con-full e-flex e-con e-child\" data-id=\"25f1dbe\" data-element_type=\"container\" data-e-type=\"container\">\n\t\t\t\t<div class=\"elementor-element elementor-element-b2cc1dd elementor-widget elementor-widget-heading\" data-id=\"b2cc1dd\" data-element_type=\"widget\" data-e-type=\"widget\" data-widget_type=\"heading.default\">\n\t\t\t\t\t<h3 class=\"elementor-heading-title elementor-size-default\">7. Sertifikalar ve Uyumluluk<\/h3>\t\t\t\t<\/div>\n\t\t\t\t<div class=\"elementor-element elementor-element-a154f1d elementor-widget elementor-widget-text-editor\" data-id=\"a154f1d\" data-element_type=\"widget\" data-e-type=\"widget\" data-widget_type=\"text-editor.default\">\n\t\t\t\t\t\t\t\t\t<p>Yingdeli, ilgili t\u00fcm \u00e7evre d\u00fczenlemelerine uymakta ve s\u00fcrd\u00fcr\u00fclebilirlik i\u00e7in end\u00fcstri standartlar\u0131n\u0131 a\u015fmaya \u00e7al\u0131\u015fmaktad\u0131r. \u00dcretim s\u00fcre\u00e7lerimizin \u00e7evreye duyarl\u0131 ve verimli olmas\u0131n\u0131 sa\u011flayan \u00e7evre y\u00f6netimi i\u00e7in ISO14001 de dahil olmak \u00fczere sertifikalar\u0131m\u0131zla gurur duyuyoruz.<\/p>\t\t\t\t\t\t\t\t<\/div>\n\t\t\t\t<\/div>\n\t\t\t\t\t<\/div>\n\t\t\t\t<\/div>\n\t\t\t\t<\/div>","protected":false},"excerpt":{"rendered":"<p>Yingdeli Cutlery \u9996\u9875 Yingdeli Sustainability Policy At Yingdeli, sustainability is at the heart of everything we do. As a leading manufacturer of high-quality stainless steel cutlery and flatware, we are committed to minimizing our environmental impact while maintaining the highest standards of craftsmanship and service. Our dedication to sustainability influences every part of our production [&hellip;]<\/p>","protected":false},"author":2,"featured_media":0,"parent":0,"menu_order":0,"comment_status":"closed","ping_status":"closed","template":"","meta":{"_seopress_robots_primary_cat":"","_seopress_titles_title":"Sustainability Policy - Yingdeli Cutlery Manufacturer","_seopress_titles_desc":"Discover Yingdeli\u2019s sustainability approach in stainless steel cutlery production, focusing on eco-friendly materials and responsible manufacturing.","_seopress_robots_index":"","footnotes":""},"class_list":["post-639","page","type-page","status-publish","hentry"],"_links":{"self":[{"href":"https:\/\/www.yingdeli-cutlery.com\/tr\/wp-json\/wp\/v2\/pages\/639","targetHints":{"allow":["GET"]}}],"collection":[{"href":"https:\/\/www.yingdeli-cutlery.com\/tr\/wp-json\/wp\/v2\/pages"}],"about":[{"href":"https:\/\/www.yingdeli-cutlery.com\/tr\/wp-json\/wp\/v2\/types\/page"}],"author":[{"embeddable":true,"href":"https:\/\/www.yingdeli-cutlery.com\/tr\/wp-json\/wp\/v2\/users\/2"}],"replies":[{"embeddable":true,"href":"https:\/\/www.yingdeli-cutlery.com\/tr\/wp-json\/wp\/v2\/comments?post=639"}],"version-history":[{"count":32,"href":"https:\/\/www.yingdeli-cutlery.com\/tr\/wp-json\/wp\/v2\/pages\/639\/revisions"}],"predecessor-version":[{"id":1886,"href":"https:\/\/www.yingdeli-cutlery.com\/tr\/wp-json\/wp\/v2\/pages\/639\/revisions\/1886"}],"wp:attachment":[{"href":"https:\/\/www.yingdeli-cutlery.com\/tr\/wp-json\/wp\/v2\/media?parent=639"}],"curies":[{"name":"wp","href":"https:\/\/api.w.org\/{rel}","templated":true}]}}