{"id":1080,"date":"2026-04-21T15:33:18","date_gmt":"2026-04-21T07:33:18","guid":{"rendered":"https:\/\/yingdeli-cutlery.com\/?post_type=product&#038;p=1080"},"modified":"2026-04-21T15:36:28","modified_gmt":"2026-04-21T07:36:28","slug":"s009-perakende-dagitim-i%cc%87ci%cc%87n-luks-sofra-gerecleri%cc%87-toplu-tedari%cc%87kci%cc%87si%cc%87","status":"publish","type":"product","link":"https:\/\/www.yingdeli-cutlery.com\/tr\/product\/s009-perakende-dagitim-i%cc%87ci%cc%87n-luks-sofra-gerecleri%cc%87-toplu-tedari%cc%87kci%cc%87si%cc%87\/","title":{"rendered":"S009 Perakende Da\u011f\u0131t\u0131m i\u00e7in L\u00fcks Sofra Tak\u0131m\u0131 Toplu Tedarik\u00e7isi"},"content":{"rendered":"<p><img fetchpriority=\"high\" decoding=\"async\" class=\"aligncenter size-full wp-image-1082\" src=\"https:\/\/yingdeli-cutlery.com\/wp-content\/uploads\/2026\/04\/S009.webp\" alt=\"s009 perakende da\u011fitim i\u0307\u00e7i\u0307n l\u00fcks sofra gere\u00e7leri\u0307 toplu tedari\u0307k\u00e7i\u0307si\u0307\" width=\"800\" height=\"548\" srcset=\"https:\/\/www.yingdeli-cutlery.com\/wp-content\/uploads\/2026\/04\/S009.webp 800w, https:\/\/www.yingdeli-cutlery.com\/wp-content\/uploads\/2026\/04\/S009-600x411.webp 600w, https:\/\/www.yingdeli-cutlery.com\/wp-content\/uploads\/2026\/04\/S009-300x206.webp 300w, https:\/\/www.yingdeli-cutlery.com\/wp-content\/uploads\/2026\/04\/S009-768x526.webp 768w\" sizes=\"(max-width: 800px) 100vw, 800px\" \/><\/p>\n<p>&nbsp;<\/p>\n<p><img decoding=\"async\" class=\"aligncenter size-full wp-image-1083\" src=\"https:\/\/yingdeli-cutlery.com\/wp-content\/uploads\/2026\/04\/S009-1.webp\" alt=\"s009 perakende da\u011fitim i\u0307\u00e7i\u0307n l\u00fcks sofra gere\u00e7leri\u0307 toplu tedari\u0307k\u00e7i\u0307si\u0307\" width=\"800\" height=\"800\" srcset=\"https:\/\/www.yingdeli-cutlery.com\/wp-content\/uploads\/2026\/04\/S009-1.webp 800w, https:\/\/www.yingdeli-cutlery.com\/wp-content\/uploads\/2026\/04\/S009-1-400x400.webp 400w, https:\/\/www.yingdeli-cutlery.com\/wp-content\/uploads\/2026\/04\/S009-1-100x100.webp 100w, https:\/\/www.yingdeli-cutlery.com\/wp-content\/uploads\/2026\/04\/S009-1-600x600.webp 600w, https:\/\/www.yingdeli-cutlery.com\/wp-content\/uploads\/2026\/04\/S009-1-300x300.webp 300w, https:\/\/www.yingdeli-cutlery.com\/wp-content\/uploads\/2026\/04\/S009-1-150x150.webp 150w, https:\/\/www.yingdeli-cutlery.com\/wp-content\/uploads\/2026\/04\/S009-1-768x768.webp 768w\" sizes=\"(max-width: 800px) 100vw, 800px\" \/><\/p>\n<p><img decoding=\"async\" class=\"aligncenter size-full wp-image-1084\" src=\"https:\/\/yingdeli-cutlery.com\/wp-content\/uploads\/2026\/04\/S009-2.webp\" alt=\"s009 perakende da\u011fitim i\u0307\u00e7i\u0307n l\u00fcks sofra gere\u00e7leri\u0307 toplu tedari\u0307k\u00e7i\u0307si\u0307\" width=\"800\" height=\"800\" srcset=\"https:\/\/www.yingdeli-cutlery.com\/wp-content\/uploads\/2026\/04\/S009-2.webp 800w, https:\/\/www.yingdeli-cutlery.com\/wp-content\/uploads\/2026\/04\/S009-2-400x400.webp 400w, https:\/\/www.yingdeli-cutlery.com\/wp-content\/uploads\/2026\/04\/S009-2-100x100.webp 100w, https:\/\/www.yingdeli-cutlery.com\/wp-content\/uploads\/2026\/04\/S009-2-600x600.webp 600w, https:\/\/www.yingdeli-cutlery.com\/wp-content\/uploads\/2026\/04\/S009-2-300x300.webp 300w, https:\/\/www.yingdeli-cutlery.com\/wp-content\/uploads\/2026\/04\/S009-2-150x150.webp 150w, https:\/\/www.yingdeli-cutlery.com\/wp-content\/uploads\/2026\/04\/S009-2-768x768.webp 768w\" sizes=\"(max-width: 800px) 100vw, 800px\" \/><\/p>","protected":false},"excerpt":{"rendered":"<p>&nbsp;<\/p>","protected":false},"featured_media":1082,"comment_status":"open","ping_status":"closed","template":"","meta":{"_seopress_robots_primary_cat":"none","_seopress_titles_title":"","_seopress_titles_desc":"","_seopress_robots_index":""},"product_brand":[],"product_cat":[19],"product_tag":[],"class_list":{"0":"post-1080","1":"product","2":"type-product","3":"status-publish","4":"has-post-thumbnail","6":"product_cat-luxurious-cutlery","8":"first","9":"instock","10":"shipping-taxable","11":"product-type-simple"},"_links":{"self":[{"href":"https:\/\/www.yingdeli-cutlery.com\/tr\/wp-json\/wp\/v2\/product\/1080","targetHints":{"allow":["GET"]}}],"collection":[{"href":"https:\/\/www.yingdeli-cutlery.com\/tr\/wp-json\/wp\/v2\/product"}],"about":[{"href":"https:\/\/www.yingdeli-cutlery.com\/tr\/wp-json\/wp\/v2\/types\/product"}],"replies":[{"embeddable":true,"href":"https:\/\/www.yingdeli-cutlery.com\/tr\/wp-json\/wp\/v2\/comments?post=1080"}],"version-history":[{"count":2,"href":"https:\/\/www.yingdeli-cutlery.com\/tr\/wp-json\/wp\/v2\/product\/1080\/revisions"}],"predecessor-version":[{"id":1085,"href":"https:\/\/www.yingdeli-cutlery.com\/tr\/wp-json\/wp\/v2\/product\/1080\/revisions\/1085"}],"wp:featuredmedia":[{"embeddable":true,"href":"https:\/\/www.yingdeli-cutlery.com\/tr\/wp-json\/wp\/v2\/media\/1082"}],"wp:attachment":[{"href":"https:\/\/www.yingdeli-cutlery.com\/tr\/wp-json\/wp\/v2\/media?parent=1080"}],"wp:term":[{"taxonomy":"product_brand","embeddable":true,"href":"https:\/\/www.yingdeli-cutlery.com\/tr\/wp-json\/wp\/v2\/product_brand?post=1080"},{"taxonomy":"product_cat","embeddable":true,"href":"https:\/\/www.yingdeli-cutlery.com\/tr\/wp-json\/wp\/v2\/product_cat?post=1080"},{"taxonomy":"product_tag","embeddable":true,"href":"https:\/\/www.yingdeli-cutlery.com\/tr\/wp-json\/wp\/v2\/product_tag?post=1080"}],"curies":[{"name":"wp","href":"https:\/\/api.w.org\/{rel}","templated":true}]}}