{"id":1121,"date":"2026-04-21T15:58:28","date_gmt":"2026-04-21T07:58:28","guid":{"rendered":"https:\/\/yingdeli-cutlery.com\/?post_type=product&#038;p=1121"},"modified":"2026-04-21T16:01:40","modified_gmt":"2026-04-21T08:01:40","slug":"s015-ozel-tasarim-secenekleri%cc%87-i%cc%87le-luks-sofra-takimi-tedari%cc%87kci%cc%87si%cc%87","status":"publish","type":"product","link":"https:\/\/www.yingdeli-cutlery.com\/tr\/product\/s015-ozel-tasarim-secenekleri%cc%87-i%cc%87le-luks-sofra-takimi-tedari%cc%87kci%cc%87si%cc%87\/","title":{"rendered":"S015 \u00d6zel Tasar\u0131m Se\u00e7enekleriyle L\u00fcks Sofra Tak\u0131m\u0131 Tedarik\u00e7isi"},"content":{"rendered":"<p><img fetchpriority=\"high\" decoding=\"async\" class=\"aligncenter size-full wp-image-1125\" src=\"https:\/\/yingdeli-cutlery.com\/wp-content\/uploads\/2026\/04\/S015.webp\" alt=\"s015 \u00f6zel tasarim se\u00e7enekleri\u0307 i\u0307le l\u00fcks sofra takimi tedari\u0307k\u00e7i\u0307si\u0307\" width=\"800\" height=\"548\" srcset=\"https:\/\/www.yingdeli-cutlery.com\/wp-content\/uploads\/2026\/04\/S015.webp 800w, https:\/\/www.yingdeli-cutlery.com\/wp-content\/uploads\/2026\/04\/S015-300x206.webp 300w, https:\/\/www.yingdeli-cutlery.com\/wp-content\/uploads\/2026\/04\/S015-768x526.webp 768w, https:\/\/www.yingdeli-cutlery.com\/wp-content\/uploads\/2026\/04\/S015-600x411.webp 600w\" sizes=\"(max-width: 800px) 100vw, 800px\" \/><\/p>\n<p>&nbsp;<\/p>\n<p><img decoding=\"async\" class=\"aligncenter size-full wp-image-1123\" src=\"https:\/\/yingdeli-cutlery.com\/wp-content\/uploads\/2026\/04\/S015-1.webp\" alt=\"s015 \u00f6zel tasarim se\u00e7enekleri\u0307 i\u0307le l\u00fcks sofra takimi tedari\u0307k\u00e7i\u0307si\u0307\" width=\"800\" height=\"800\" srcset=\"https:\/\/www.yingdeli-cutlery.com\/wp-content\/uploads\/2026\/04\/S015-1.webp 800w, https:\/\/www.yingdeli-cutlery.com\/wp-content\/uploads\/2026\/04\/S015-1-300x300.webp 300w, https:\/\/www.yingdeli-cutlery.com\/wp-content\/uploads\/2026\/04\/S015-1-150x150.webp 150w, https:\/\/www.yingdeli-cutlery.com\/wp-content\/uploads\/2026\/04\/S015-1-768x768.webp 768w, https:\/\/www.yingdeli-cutlery.com\/wp-content\/uploads\/2026\/04\/S015-1-400x400.webp 400w, https:\/\/www.yingdeli-cutlery.com\/wp-content\/uploads\/2026\/04\/S015-1-600x600.webp 600w, https:\/\/www.yingdeli-cutlery.com\/wp-content\/uploads\/2026\/04\/S015-1-100x100.webp 100w\" sizes=\"(max-width: 800px) 100vw, 800px\" \/><\/p>\n<p>&nbsp;<\/p>\n<p><img decoding=\"async\" class=\"aligncenter size-full wp-image-1124\" src=\"https:\/\/yingdeli-cutlery.com\/wp-content\/uploads\/2026\/04\/S015-2.webp\" alt=\"s015 \u00f6zel tasarim se\u00e7enekleri\u0307 i\u0307le l\u00fcks sofra takimi tedari\u0307k\u00e7i\u0307si\u0307\" width=\"800\" height=\"800\" srcset=\"https:\/\/www.yingdeli-cutlery.com\/wp-content\/uploads\/2026\/04\/S015-2.webp 800w, https:\/\/www.yingdeli-cutlery.com\/wp-content\/uploads\/2026\/04\/S015-2-300x300.webp 300w, https:\/\/www.yingdeli-cutlery.com\/wp-content\/uploads\/2026\/04\/S015-2-150x150.webp 150w, https:\/\/www.yingdeli-cutlery.com\/wp-content\/uploads\/2026\/04\/S015-2-768x768.webp 768w, https:\/\/www.yingdeli-cutlery.com\/wp-content\/uploads\/2026\/04\/S015-2-400x400.webp 400w, https:\/\/www.yingdeli-cutlery.com\/wp-content\/uploads\/2026\/04\/S015-2-600x600.webp 600w, https:\/\/www.yingdeli-cutlery.com\/wp-content\/uploads\/2026\/04\/S015-2-100x100.webp 100w\" sizes=\"(max-width: 800px) 100vw, 800px\" \/><\/p>","protected":false},"excerpt":{"rendered":"<p>&nbsp; &nbsp;<\/p>","protected":false},"featured_media":1125,"comment_status":"open","ping_status":"closed","template":"","meta":{"_seopress_robots_primary_cat":"none","_seopress_titles_title":"","_seopress_titles_desc":"","_seopress_robots_index":""},"product_brand":[],"product_cat":[19],"product_tag":[],"class_list":{"0":"post-1121","1":"product","2":"type-product","3":"status-publish","4":"has-post-thumbnail","6":"product_cat-luxurious-cutlery","8":"first","9":"instock","10":"shipping-taxable","11":"product-type-simple"},"_links":{"self":[{"href":"https:\/\/www.yingdeli-cutlery.com\/tr\/wp-json\/wp\/v2\/product\/1121","targetHints":{"allow":["GET"]}}],"collection":[{"href":"https:\/\/www.yingdeli-cutlery.com\/tr\/wp-json\/wp\/v2\/product"}],"about":[{"href":"https:\/\/www.yingdeli-cutlery.com\/tr\/wp-json\/wp\/v2\/types\/product"}],"replies":[{"embeddable":true,"href":"https:\/\/www.yingdeli-cutlery.com\/tr\/wp-json\/wp\/v2\/comments?post=1121"}],"version-history":[{"count":3,"href":"https:\/\/www.yingdeli-cutlery.com\/tr\/wp-json\/wp\/v2\/product\/1121\/revisions"}],"predecessor-version":[{"id":1127,"href":"https:\/\/www.yingdeli-cutlery.com\/tr\/wp-json\/wp\/v2\/product\/1121\/revisions\/1127"}],"wp:featuredmedia":[{"embeddable":true,"href":"https:\/\/www.yingdeli-cutlery.com\/tr\/wp-json\/wp\/v2\/media\/1125"}],"wp:attachment":[{"href":"https:\/\/www.yingdeli-cutlery.com\/tr\/wp-json\/wp\/v2\/media?parent=1121"}],"wp:term":[{"taxonomy":"product_brand","embeddable":true,"href":"https:\/\/www.yingdeli-cutlery.com\/tr\/wp-json\/wp\/v2\/product_brand?post=1121"},{"taxonomy":"product_cat","embeddable":true,"href":"https:\/\/www.yingdeli-cutlery.com\/tr\/wp-json\/wp\/v2\/product_cat?post=1121"},{"taxonomy":"product_tag","embeddable":true,"href":"https:\/\/www.yingdeli-cutlery.com\/tr\/wp-json\/wp\/v2\/product_tag?post=1121"}],"curies":[{"name":"wp","href":"https:\/\/api.w.org\/{rel}","templated":true}]}}