{"id":1351,"date":"2026-04-22T09:41:26","date_gmt":"2026-04-22T01:41:26","guid":{"rendered":"https:\/\/yingdeli-cutlery.com\/?post_type=product&#038;p=1351"},"modified":"2026-04-22T09:43:05","modified_gmt":"2026-04-22T01:43:05","slug":"j023-klasik-catal-bicak-ureticisi-paslanmaz-celik-kasik-catal-bicak","status":"publish","type":"product","link":"https:\/\/www.yingdeli-cutlery.com\/tr\/product\/j023-klasik-catal-bicak-ureticisi-paslanmaz-celik-kasik-catal-bicak\/","title":{"rendered":"J023 Klasik \u00c7atal B\u0131\u00e7ak \u00dcreticisi Paslanmaz \u00c7elik Ka\u015f\u0131k \u00c7atal B\u0131\u00e7ak"},"content":{"rendered":"<p><img fetchpriority=\"high\" decoding=\"async\" class=\"aligncenter size-full wp-image-1353\" src=\"https:\/\/yingdeli-cutlery.com\/wp-content\/uploads\/2026\/04\/J023.webp\" alt=\"j023 klasik \u00e7atal b\u0131\u00e7ak \u00fcreticisi paslanmaz \u00e7elik ka\u015f\u0131k \u00e7atal b\u0131\u00e7ak\" width=\"800\" height=\"548\" srcset=\"https:\/\/www.yingdeli-cutlery.com\/wp-content\/uploads\/2026\/04\/J023.webp 800w, https:\/\/www.yingdeli-cutlery.com\/wp-content\/uploads\/2026\/04\/J023-300x206.webp 300w, https:\/\/www.yingdeli-cutlery.com\/wp-content\/uploads\/2026\/04\/J023-768x526.webp 768w, https:\/\/www.yingdeli-cutlery.com\/wp-content\/uploads\/2026\/04\/J023-600x411.webp 600w\" sizes=\"(max-width: 800px) 100vw, 800px\" \/><\/p>\n<p>&nbsp;<\/p>\n<p><img decoding=\"async\" class=\"aligncenter size-full wp-image-1354\" src=\"https:\/\/yingdeli-cutlery.com\/wp-content\/uploads\/2026\/04\/J023-1.webp\" alt=\"j023 klasik \u00e7atal b\u0131\u00e7ak \u00fcreticisi paslanmaz \u00e7elik ka\u015f\u0131k \u00e7atal b\u0131\u00e7ak\" width=\"800\" height=\"800\" srcset=\"https:\/\/www.yingdeli-cutlery.com\/wp-content\/uploads\/2026\/04\/J023-1.webp 800w, https:\/\/www.yingdeli-cutlery.com\/wp-content\/uploads\/2026\/04\/J023-1-300x300.webp 300w, https:\/\/www.yingdeli-cutlery.com\/wp-content\/uploads\/2026\/04\/J023-1-150x150.webp 150w, https:\/\/www.yingdeli-cutlery.com\/wp-content\/uploads\/2026\/04\/J023-1-768x768.webp 768w, https:\/\/www.yingdeli-cutlery.com\/wp-content\/uploads\/2026\/04\/J023-1-400x400.webp 400w, https:\/\/www.yingdeli-cutlery.com\/wp-content\/uploads\/2026\/04\/J023-1-600x600.webp 600w, https:\/\/www.yingdeli-cutlery.com\/wp-content\/uploads\/2026\/04\/J023-1-100x100.webp 100w\" sizes=\"(max-width: 800px) 100vw, 800px\" \/><\/p>","protected":false},"excerpt":{"rendered":"<p>&nbsp;<\/p>","protected":false},"featured_media":1353,"comment_status":"open","ping_status":"closed","template":"","meta":{"_seopress_robots_primary_cat":"none","_seopress_titles_title":"","_seopress_titles_desc":"","_seopress_robots_index":""},"product_brand":[],"product_cat":[21],"product_tag":[],"class_list":{"0":"post-1351","1":"product","2":"type-product","3":"status-publish","4":"has-post-thumbnail","6":"product_cat-classic-cutlery","8":"first","9":"instock","10":"shipping-taxable","11":"product-type-simple"},"_links":{"self":[{"href":"https:\/\/www.yingdeli-cutlery.com\/tr\/wp-json\/wp\/v2\/product\/1351","targetHints":{"allow":["GET"]}}],"collection":[{"href":"https:\/\/www.yingdeli-cutlery.com\/tr\/wp-json\/wp\/v2\/product"}],"about":[{"href":"https:\/\/www.yingdeli-cutlery.com\/tr\/wp-json\/wp\/v2\/types\/product"}],"replies":[{"embeddable":true,"href":"https:\/\/www.yingdeli-cutlery.com\/tr\/wp-json\/wp\/v2\/comments?post=1351"}],"version-history":[{"count":3,"href":"https:\/\/www.yingdeli-cutlery.com\/tr\/wp-json\/wp\/v2\/product\/1351\/revisions"}],"predecessor-version":[{"id":1356,"href":"https:\/\/www.yingdeli-cutlery.com\/tr\/wp-json\/wp\/v2\/product\/1351\/revisions\/1356"}],"wp:featuredmedia":[{"embeddable":true,"href":"https:\/\/www.yingdeli-cutlery.com\/tr\/wp-json\/wp\/v2\/media\/1353"}],"wp:attachment":[{"href":"https:\/\/www.yingdeli-cutlery.com\/tr\/wp-json\/wp\/v2\/media?parent=1351"}],"wp:term":[{"taxonomy":"product_brand","embeddable":true,"href":"https:\/\/www.yingdeli-cutlery.com\/tr\/wp-json\/wp\/v2\/product_brand?post=1351"},{"taxonomy":"product_cat","embeddable":true,"href":"https:\/\/www.yingdeli-cutlery.com\/tr\/wp-json\/wp\/v2\/product_cat?post=1351"},{"taxonomy":"product_tag","embeddable":true,"href":"https:\/\/www.yingdeli-cutlery.com\/tr\/wp-json\/wp\/v2\/product_tag?post=1351"}],"curies":[{"name":"wp","href":"https:\/\/api.w.org\/{rel}","templated":true}]}}