{"id":1625,"date":"2026-04-22T14:59:01","date_gmt":"2026-04-22T06:59:01","guid":{"rendered":"https:\/\/yingdeli-cutlery.com\/?post_type=product&#038;p=1625"},"modified":"2026-04-22T15:00:36","modified_gmt":"2026-04-22T07:00:36","slug":"x036-modern-sofra-takimi-tedarikcisi-paslanmaz-celik-kasik-catal-bicak-toplu","status":"publish","type":"product","link":"https:\/\/www.yingdeli-cutlery.com\/tr\/product\/x036-modern-sofra-takimi-tedarikcisi-paslanmaz-celik-kasik-catal-bicak-toplu\/","title":{"rendered":"X036 Modern Sofra Tak\u0131m\u0131 Tedarik\u00e7isi Paslanmaz \u00c7elik Ka\u015f\u0131klar \u00c7atallar B\u0131\u00e7ak Toplu"},"content":{"rendered":"<p><img fetchpriority=\"high\" decoding=\"async\" class=\"aligncenter size-full wp-image-1630\" src=\"https:\/\/yingdeli-cutlery.com\/wp-content\/uploads\/2026\/04\/x036.webp\" alt=\"x036 modern sofra tak\u0131m\u0131 tedarik\u00e7isi paslanmaz \u00e7elik ka\u015f\u0131k \u00e7atal b\u0131\u00e7ak toplu\" width=\"800\" height=\"548\" srcset=\"https:\/\/www.yingdeli-cutlery.com\/wp-content\/uploads\/2026\/04\/x036.webp 800w, https:\/\/www.yingdeli-cutlery.com\/wp-content\/uploads\/2026\/04\/x036-300x206.webp 300w, https:\/\/www.yingdeli-cutlery.com\/wp-content\/uploads\/2026\/04\/x036-768x526.webp 768w, https:\/\/www.yingdeli-cutlery.com\/wp-content\/uploads\/2026\/04\/x036-600x411.webp 600w\" sizes=\"(max-width: 800px) 100vw, 800px\" \/><\/p>\n<p>&nbsp;<\/p>\n<p><img decoding=\"async\" class=\"aligncenter size-full wp-image-1631\" src=\"https:\/\/yingdeli-cutlery.com\/wp-content\/uploads\/2026\/04\/x036-1.webp\" alt=\"x036 modern sofra tak\u0131m\u0131 tedarik\u00e7isi paslanmaz \u00e7elik ka\u015f\u0131k \u00e7atal b\u0131\u00e7ak toplu\" width=\"800\" height=\"800\" srcset=\"https:\/\/www.yingdeli-cutlery.com\/wp-content\/uploads\/2026\/04\/x036-1.webp 800w, https:\/\/www.yingdeli-cutlery.com\/wp-content\/uploads\/2026\/04\/x036-1-300x300.webp 300w, https:\/\/www.yingdeli-cutlery.com\/wp-content\/uploads\/2026\/04\/x036-1-150x150.webp 150w, https:\/\/www.yingdeli-cutlery.com\/wp-content\/uploads\/2026\/04\/x036-1-768x768.webp 768w, https:\/\/www.yingdeli-cutlery.com\/wp-content\/uploads\/2026\/04\/x036-1-400x400.webp 400w, https:\/\/www.yingdeli-cutlery.com\/wp-content\/uploads\/2026\/04\/x036-1-600x600.webp 600w, https:\/\/www.yingdeli-cutlery.com\/wp-content\/uploads\/2026\/04\/x036-1-100x100.webp 100w\" sizes=\"(max-width: 800px) 100vw, 800px\" \/><\/p>\n<p><img decoding=\"async\" class=\"aligncenter size-full wp-image-1628\" src=\"https:\/\/yingdeli-cutlery.com\/wp-content\/uploads\/2026\/04\/x036-2.webp\" alt=\"x036 modern sofra tak\u0131m\u0131 tedarik\u00e7isi paslanmaz \u00e7elik ka\u015f\u0131k \u00e7atal b\u0131\u00e7ak toplu\" width=\"800\" height=\"800\" srcset=\"https:\/\/www.yingdeli-cutlery.com\/wp-content\/uploads\/2026\/04\/x036-2.webp 800w, https:\/\/www.yingdeli-cutlery.com\/wp-content\/uploads\/2026\/04\/x036-2-300x300.webp 300w, https:\/\/www.yingdeli-cutlery.com\/wp-content\/uploads\/2026\/04\/x036-2-150x150.webp 150w, https:\/\/www.yingdeli-cutlery.com\/wp-content\/uploads\/2026\/04\/x036-2-768x768.webp 768w, https:\/\/www.yingdeli-cutlery.com\/wp-content\/uploads\/2026\/04\/x036-2-400x400.webp 400w, https:\/\/www.yingdeli-cutlery.com\/wp-content\/uploads\/2026\/04\/x036-2-600x600.webp 600w, https:\/\/www.yingdeli-cutlery.com\/wp-content\/uploads\/2026\/04\/x036-2-100x100.webp 100w\" sizes=\"(max-width: 800px) 100vw, 800px\" \/><img loading=\"lazy\" decoding=\"async\" class=\"aligncenter size-full wp-image-1629\" src=\"https:\/\/yingdeli-cutlery.com\/wp-content\/uploads\/2026\/04\/x036-3.webp\" alt=\"x036 modern sofra tak\u0131m\u0131 tedarik\u00e7isi paslanmaz \u00e7elik ka\u015f\u0131k \u00e7atal b\u0131\u00e7ak toplu\" width=\"800\" height=\"800\" srcset=\"https:\/\/www.yingdeli-cutlery.com\/wp-content\/uploads\/2026\/04\/x036-3.webp 800w, https:\/\/www.yingdeli-cutlery.com\/wp-content\/uploads\/2026\/04\/x036-3-300x300.webp 300w, https:\/\/www.yingdeli-cutlery.com\/wp-content\/uploads\/2026\/04\/x036-3-150x150.webp 150w, https:\/\/www.yingdeli-cutlery.com\/wp-content\/uploads\/2026\/04\/x036-3-768x768.webp 768w, https:\/\/www.yingdeli-cutlery.com\/wp-content\/uploads\/2026\/04\/x036-3-400x400.webp 400w, https:\/\/www.yingdeli-cutlery.com\/wp-content\/uploads\/2026\/04\/x036-3-600x600.webp 600w, https:\/\/www.yingdeli-cutlery.com\/wp-content\/uploads\/2026\/04\/x036-3-100x100.webp 100w\" sizes=\"(max-width: 800px) 100vw, 800px\" \/><\/p>","protected":false},"excerpt":{"rendered":"<p>&nbsp;<\/p>","protected":false},"featured_media":1630,"comment_status":"open","ping_status":"closed","template":"","meta":{"_seopress_robots_primary_cat":"none","_seopress_titles_title":"","_seopress_titles_desc":"","_seopress_robots_index":""},"product_brand":[],"product_cat":[20],"product_tag":[],"class_list":{"0":"post-1625","1":"product","2":"type-product","3":"status-publish","4":"has-post-thumbnail","6":"product_cat-modern-cutlery","8":"first","9":"instock","10":"shipping-taxable","11":"product-type-simple"},"_links":{"self":[{"href":"https:\/\/www.yingdeli-cutlery.com\/tr\/wp-json\/wp\/v2\/product\/1625","targetHints":{"allow":["GET"]}}],"collection":[{"href":"https:\/\/www.yingdeli-cutlery.com\/tr\/wp-json\/wp\/v2\/product"}],"about":[{"href":"https:\/\/www.yingdeli-cutlery.com\/tr\/wp-json\/wp\/v2\/types\/product"}],"replies":[{"embeddable":true,"href":"https:\/\/www.yingdeli-cutlery.com\/tr\/wp-json\/wp\/v2\/comments?post=1625"}],"version-history":[{"count":3,"href":"https:\/\/www.yingdeli-cutlery.com\/tr\/wp-json\/wp\/v2\/product\/1625\/revisions"}],"predecessor-version":[{"id":1633,"href":"https:\/\/www.yingdeli-cutlery.com\/tr\/wp-json\/wp\/v2\/product\/1625\/revisions\/1633"}],"wp:featuredmedia":[{"embeddable":true,"href":"https:\/\/www.yingdeli-cutlery.com\/tr\/wp-json\/wp\/v2\/media\/1630"}],"wp:attachment":[{"href":"https:\/\/www.yingdeli-cutlery.com\/tr\/wp-json\/wp\/v2\/media?parent=1625"}],"wp:term":[{"taxonomy":"product_brand","embeddable":true,"href":"https:\/\/www.yingdeli-cutlery.com\/tr\/wp-json\/wp\/v2\/product_brand?post=1625"},{"taxonomy":"product_cat","embeddable":true,"href":"https:\/\/www.yingdeli-cutlery.com\/tr\/wp-json\/wp\/v2\/product_cat?post=1625"},{"taxonomy":"product_tag","embeddable":true,"href":"https:\/\/www.yingdeli-cutlery.com\/tr\/wp-json\/wp\/v2\/product_tag?post=1625"}],"curies":[{"name":"wp","href":"https:\/\/api.w.org\/{rel}","templated":true}]}}