{"id":1682,"date":"2026-04-22T15:25:36","date_gmt":"2026-04-22T07:25:36","guid":{"rendered":"https:\/\/yingdeli-cutlery.com\/?post_type=product&#038;p=1682"},"modified":"2026-04-22T16:50:41","modified_gmt":"2026-04-22T08:50:41","slug":"q001-catering-kullanimi-i%cc%87ci%cc%87n-hafi%cc%87f-sofra-takimlari-toplu-tedari%cc%87kci%cc%87si%cc%87","status":"publish","type":"product","link":"https:\/\/www.yingdeli-cutlery.com\/tr\/product\/q001-catering-kullanimi-i%cc%87ci%cc%87n-hafi%cc%87f-sofra-takimlari-toplu-tedari%cc%87kci%cc%87si%cc%87\/","title":{"rendered":"Q001 Catering Kullan\u0131m\u0131 i\u00e7in Hafif Sofra Tak\u0131m\u0131 Toplu Tedarik\u00e7isi"},"content":{"rendered":"<p><img fetchpriority=\"high\" decoding=\"async\" class=\"aligncenter size-full wp-image-1684\" src=\"https:\/\/yingdeli-cutlery.com\/wp-content\/uploads\/2026\/04\/q001.webp\" alt=\"q001 catering kullanimi i\u0307\u00e7i\u0307n hafi\u0307f sofra takimlari toplu tedari\u0307k\u00e7i\u0307si\u0307\" width=\"800\" height=\"548\" srcset=\"https:\/\/www.yingdeli-cutlery.com\/wp-content\/uploads\/2026\/04\/q001.webp 800w, https:\/\/www.yingdeli-cutlery.com\/wp-content\/uploads\/2026\/04\/q001-300x206.webp 300w, https:\/\/www.yingdeli-cutlery.com\/wp-content\/uploads\/2026\/04\/q001-768x526.webp 768w, https:\/\/www.yingdeli-cutlery.com\/wp-content\/uploads\/2026\/04\/q001-600x411.webp 600w\" sizes=\"(max-width: 800px) 100vw, 800px\" \/><\/p>\n<p>&nbsp;<\/p>\n<p><img decoding=\"async\" class=\"aligncenter size-full wp-image-1685\" src=\"https:\/\/yingdeli-cutlery.com\/wp-content\/uploads\/2026\/04\/q001-1.webp\" alt=\"q001 catering kullanimi i\u0307\u00e7i\u0307n hafi\u0307f sofra takimlari toplu tedari\u0307k\u00e7i\u0307si\u0307\" width=\"800\" height=\"800\" srcset=\"https:\/\/www.yingdeli-cutlery.com\/wp-content\/uploads\/2026\/04\/q001-1.webp 800w, https:\/\/www.yingdeli-cutlery.com\/wp-content\/uploads\/2026\/04\/q001-1-300x300.webp 300w, https:\/\/www.yingdeli-cutlery.com\/wp-content\/uploads\/2026\/04\/q001-1-150x150.webp 150w, https:\/\/www.yingdeli-cutlery.com\/wp-content\/uploads\/2026\/04\/q001-1-768x768.webp 768w, https:\/\/www.yingdeli-cutlery.com\/wp-content\/uploads\/2026\/04\/q001-1-400x400.webp 400w, https:\/\/www.yingdeli-cutlery.com\/wp-content\/uploads\/2026\/04\/q001-1-600x600.webp 600w, https:\/\/www.yingdeli-cutlery.com\/wp-content\/uploads\/2026\/04\/q001-1-100x100.webp 100w\" sizes=\"(max-width: 800px) 100vw, 800px\" \/><\/p>\n<p><img decoding=\"async\" class=\"aligncenter size-full wp-image-1686\" src=\"https:\/\/yingdeli-cutlery.com\/wp-content\/uploads\/2026\/04\/q001-2.webp\" alt=\"q001 catering kullanimi i\u0307\u00e7i\u0307n hafi\u0307f sofra takimlari toplu tedari\u0307k\u00e7i\u0307si\u0307\" width=\"800\" height=\"800\" srcset=\"https:\/\/www.yingdeli-cutlery.com\/wp-content\/uploads\/2026\/04\/q001-2.webp 800w, https:\/\/www.yingdeli-cutlery.com\/wp-content\/uploads\/2026\/04\/q001-2-300x300.webp 300w, https:\/\/www.yingdeli-cutlery.com\/wp-content\/uploads\/2026\/04\/q001-2-150x150.webp 150w, https:\/\/www.yingdeli-cutlery.com\/wp-content\/uploads\/2026\/04\/q001-2-768x768.webp 768w, https:\/\/www.yingdeli-cutlery.com\/wp-content\/uploads\/2026\/04\/q001-2-400x400.webp 400w, https:\/\/www.yingdeli-cutlery.com\/wp-content\/uploads\/2026\/04\/q001-2-600x600.webp 600w, https:\/\/www.yingdeli-cutlery.com\/wp-content\/uploads\/2026\/04\/q001-2-100x100.webp 100w\" sizes=\"(max-width: 800px) 100vw, 800px\" \/><\/p>\n<p><img loading=\"lazy\" decoding=\"async\" class=\"aligncenter size-full wp-image-1687\" src=\"https:\/\/yingdeli-cutlery.com\/wp-content\/uploads\/2026\/04\/q001-3.webp\" alt=\"q001 catering kullanimi i\u0307\u00e7i\u0307n hafi\u0307f sofra takimlari toplu tedari\u0307k\u00e7i\u0307si\u0307\" width=\"800\" height=\"800\" srcset=\"https:\/\/www.yingdeli-cutlery.com\/wp-content\/uploads\/2026\/04\/q001-3.webp 800w, https:\/\/www.yingdeli-cutlery.com\/wp-content\/uploads\/2026\/04\/q001-3-300x300.webp 300w, https:\/\/www.yingdeli-cutlery.com\/wp-content\/uploads\/2026\/04\/q001-3-150x150.webp 150w, https:\/\/www.yingdeli-cutlery.com\/wp-content\/uploads\/2026\/04\/q001-3-768x768.webp 768w, https:\/\/www.yingdeli-cutlery.com\/wp-content\/uploads\/2026\/04\/q001-3-400x400.webp 400w, https:\/\/www.yingdeli-cutlery.com\/wp-content\/uploads\/2026\/04\/q001-3-600x600.webp 600w, https:\/\/www.yingdeli-cutlery.com\/wp-content\/uploads\/2026\/04\/q001-3-100x100.webp 100w\" sizes=\"(max-width: 800px) 100vw, 800px\" \/><\/p>\n<p><img loading=\"lazy\" decoding=\"async\" class=\"aligncenter size-full wp-image-1688\" src=\"https:\/\/yingdeli-cutlery.com\/wp-content\/uploads\/2026\/04\/q001-4.webp\" alt=\"q001 catering kullanimi i\u0307\u00e7i\u0307n hafi\u0307f sofra takimlari toplu tedari\u0307k\u00e7i\u0307si\u0307\" width=\"800\" height=\"800\" srcset=\"https:\/\/www.yingdeli-cutlery.com\/wp-content\/uploads\/2026\/04\/q001-4.webp 800w, https:\/\/www.yingdeli-cutlery.com\/wp-content\/uploads\/2026\/04\/q001-4-300x300.webp 300w, https:\/\/www.yingdeli-cutlery.com\/wp-content\/uploads\/2026\/04\/q001-4-150x150.webp 150w, https:\/\/www.yingdeli-cutlery.com\/wp-content\/uploads\/2026\/04\/q001-4-768x768.webp 768w, https:\/\/www.yingdeli-cutlery.com\/wp-content\/uploads\/2026\/04\/q001-4-400x400.webp 400w, https:\/\/www.yingdeli-cutlery.com\/wp-content\/uploads\/2026\/04\/q001-4-600x600.webp 600w, https:\/\/www.yingdeli-cutlery.com\/wp-content\/uploads\/2026\/04\/q001-4-100x100.webp 100w\" sizes=\"(max-width: 800px) 100vw, 800px\" \/><\/p>","protected":false},"excerpt":{"rendered":"<p>&nbsp;<\/p>","protected":false},"featured_media":1684,"comment_status":"open","ping_status":"closed","template":"","meta":{"_seopress_robots_primary_cat":"none","_seopress_titles_title":"","_seopress_titles_desc":"","_seopress_robots_index":""},"product_brand":[],"product_cat":[22],"product_tag":[],"class_list":{"0":"post-1682","1":"product","2":"type-product","3":"status-publish","4":"has-post-thumbnail","6":"product_cat-lightweight-cutlery","8":"first","9":"instock","10":"featured","11":"shipping-taxable","12":"product-type-simple"},"_links":{"self":[{"href":"https:\/\/www.yingdeli-cutlery.com\/tr\/wp-json\/wp\/v2\/product\/1682","targetHints":{"allow":["GET"]}}],"collection":[{"href":"https:\/\/www.yingdeli-cutlery.com\/tr\/wp-json\/wp\/v2\/product"}],"about":[{"href":"https:\/\/www.yingdeli-cutlery.com\/tr\/wp-json\/wp\/v2\/types\/product"}],"replies":[{"embeddable":true,"href":"https:\/\/www.yingdeli-cutlery.com\/tr\/wp-json\/wp\/v2\/comments?post=1682"}],"version-history":[{"count":3,"href":"https:\/\/www.yingdeli-cutlery.com\/tr\/wp-json\/wp\/v2\/product\/1682\/revisions"}],"predecessor-version":[{"id":1690,"href":"https:\/\/www.yingdeli-cutlery.com\/tr\/wp-json\/wp\/v2\/product\/1682\/revisions\/1690"}],"wp:featuredmedia":[{"embeddable":true,"href":"https:\/\/www.yingdeli-cutlery.com\/tr\/wp-json\/wp\/v2\/media\/1684"}],"wp:attachment":[{"href":"https:\/\/www.yingdeli-cutlery.com\/tr\/wp-json\/wp\/v2\/media?parent=1682"}],"wp:term":[{"taxonomy":"product_brand","embeddable":true,"href":"https:\/\/www.yingdeli-cutlery.com\/tr\/wp-json\/wp\/v2\/product_brand?post=1682"},{"taxonomy":"product_cat","embeddable":true,"href":"https:\/\/www.yingdeli-cutlery.com\/tr\/wp-json\/wp\/v2\/product_cat?post=1682"},{"taxonomy":"product_tag","embeddable":true,"href":"https:\/\/www.yingdeli-cutlery.com\/tr\/wp-json\/wp\/v2\/product_tag?post=1682"}],"curies":[{"name":"wp","href":"https:\/\/api.w.org\/{rel}","templated":true}]}}