{"id":1802,"date":"2026-04-22T16:36:45","date_gmt":"2026-04-22T08:36:45","guid":{"rendered":"https:\/\/www.yingdeli-cutlery.com\/?post_type=product&#038;p=1802"},"modified":"2026-04-22T16:39:41","modified_gmt":"2026-04-22T08:39:41","slug":"q020-ti%cc%87cari%cc%87-kullanim-i%cc%87ci%cc%87n-ozellesti%cc%87ri%cc%87lmi%cc%87s-hafi%cc%87f-catal-bicaklar","status":"publish","type":"product","link":"https:\/\/www.yingdeli-cutlery.com\/tr\/product\/q020-ti%cc%87cari%cc%87-kullanim-i%cc%87ci%cc%87n-ozellesti%cc%87ri%cc%87lmi%cc%87s-hafi%cc%87f-catal-bicaklar\/","title":{"rendered":"Q020 Ticari Kullan\u0131m i\u00e7in \u00d6zelle\u015ftirilmi\u015f Hafif \u00c7atal B\u0131\u00e7ak Tak\u0131m\u0131"},"content":{"rendered":"<p><img fetchpriority=\"high\" decoding=\"async\" class=\"aligncenter size-full wp-image-1804\" src=\"https:\/\/www.yingdeli-cutlery.com\/wp-content\/uploads\/2026\/04\/q020.webp\" alt=\"q020 ti\u0307cari\u0307 kullanim i\u0307\u00e7i\u0307n \u00f6zelle\u015fti\u0307ri\u0307lmi\u0307\u015f hafi\u0307f \u00e7atal-bi\u00e7aklar\" width=\"800\" height=\"548\" srcset=\"https:\/\/www.yingdeli-cutlery.com\/wp-content\/uploads\/2026\/04\/q020.webp 800w, https:\/\/www.yingdeli-cutlery.com\/wp-content\/uploads\/2026\/04\/q020-300x206.webp 300w, https:\/\/www.yingdeli-cutlery.com\/wp-content\/uploads\/2026\/04\/q020-768x526.webp 768w, https:\/\/www.yingdeli-cutlery.com\/wp-content\/uploads\/2026\/04\/q020-600x411.webp 600w\" sizes=\"(max-width: 800px) 100vw, 800px\" \/><\/p>\n<p>&nbsp;<\/p>\n<p><img decoding=\"async\" class=\"aligncenter size-full wp-image-1805\" src=\"https:\/\/www.yingdeli-cutlery.com\/wp-content\/uploads\/2026\/04\/q020-1.webp\" alt=\"q020 ti\u0307cari\u0307 kullanim i\u0307\u00e7i\u0307n \u00f6zelle\u015fti\u0307ri\u0307lmi\u0307\u015f hafi\u0307f \u00e7atal-bi\u00e7aklar\" width=\"800\" height=\"800\" srcset=\"https:\/\/www.yingdeli-cutlery.com\/wp-content\/uploads\/2026\/04\/q020-1.webp 800w, https:\/\/www.yingdeli-cutlery.com\/wp-content\/uploads\/2026\/04\/q020-1-300x300.webp 300w, https:\/\/www.yingdeli-cutlery.com\/wp-content\/uploads\/2026\/04\/q020-1-150x150.webp 150w, https:\/\/www.yingdeli-cutlery.com\/wp-content\/uploads\/2026\/04\/q020-1-768x768.webp 768w, https:\/\/www.yingdeli-cutlery.com\/wp-content\/uploads\/2026\/04\/q020-1-400x400.webp 400w, https:\/\/www.yingdeli-cutlery.com\/wp-content\/uploads\/2026\/04\/q020-1-600x600.webp 600w, https:\/\/www.yingdeli-cutlery.com\/wp-content\/uploads\/2026\/04\/q020-1-100x100.webp 100w\" sizes=\"(max-width: 800px) 100vw, 800px\" \/><\/p>","protected":false},"excerpt":{"rendered":"<p>&nbsp;<\/p>","protected":false},"featured_media":1804,"comment_status":"open","ping_status":"closed","template":"","meta":{"_seopress_robots_primary_cat":"none","_seopress_titles_title":"","_seopress_titles_desc":"","_seopress_robots_index":""},"product_brand":[],"product_cat":[22],"product_tag":[],"class_list":{"0":"post-1802","1":"product","2":"type-product","3":"status-publish","4":"has-post-thumbnail","6":"product_cat-lightweight-cutlery","8":"first","9":"instock","10":"shipping-taxable","11":"product-type-simple"},"_links":{"self":[{"href":"https:\/\/www.yingdeli-cutlery.com\/tr\/wp-json\/wp\/v2\/product\/1802","targetHints":{"allow":["GET"]}}],"collection":[{"href":"https:\/\/www.yingdeli-cutlery.com\/tr\/wp-json\/wp\/v2\/product"}],"about":[{"href":"https:\/\/www.yingdeli-cutlery.com\/tr\/wp-json\/wp\/v2\/types\/product"}],"replies":[{"embeddable":true,"href":"https:\/\/www.yingdeli-cutlery.com\/tr\/wp-json\/wp\/v2\/comments?post=1802"}],"version-history":[{"count":2,"href":"https:\/\/www.yingdeli-cutlery.com\/tr\/wp-json\/wp\/v2\/product\/1802\/revisions"}],"predecessor-version":[{"id":1806,"href":"https:\/\/www.yingdeli-cutlery.com\/tr\/wp-json\/wp\/v2\/product\/1802\/revisions\/1806"}],"wp:featuredmedia":[{"embeddable":true,"href":"https:\/\/www.yingdeli-cutlery.com\/tr\/wp-json\/wp\/v2\/media\/1804"}],"wp:attachment":[{"href":"https:\/\/www.yingdeli-cutlery.com\/tr\/wp-json\/wp\/v2\/media?parent=1802"}],"wp:term":[{"taxonomy":"product_brand","embeddable":true,"href":"https:\/\/www.yingdeli-cutlery.com\/tr\/wp-json\/wp\/v2\/product_brand?post=1802"},{"taxonomy":"product_cat","embeddable":true,"href":"https:\/\/www.yingdeli-cutlery.com\/tr\/wp-json\/wp\/v2\/product_cat?post=1802"},{"taxonomy":"product_tag","embeddable":true,"href":"https:\/\/www.yingdeli-cutlery.com\/tr\/wp-json\/wp\/v2\/product_tag?post=1802"}],"curies":[{"name":"wp","href":"https:\/\/api.w.org\/{rel}","templated":true}]}}