{"id":996,"date":"2026-04-21T10:04:54","date_gmt":"2026-04-21T02:04:54","guid":{"rendered":"https:\/\/yingdeli-cutlery.com\/?post_type=product&#038;p=996"},"modified":"2026-04-21T14:50:42","modified_gmt":"2026-04-21T06:50:42","slug":"s001-catering-hi%cc%87zmetleri%cc%87-i%cc%87ci%cc%87n-luks-sofra-takimlari-toplu-tedari%cc%87kci%cc%87si%cc%87","status":"publish","type":"product","link":"https:\/\/www.yingdeli-cutlery.com\/tr\/product\/s001-catering-hi%cc%87zmetleri%cc%87-i%cc%87ci%cc%87n-luks-sofra-takimlari-toplu-tedari%cc%87kci%cc%87si%cc%87\/","title":{"rendered":"S001 Catering Hizmetleri i\u00e7in L\u00fcks Sofra Tak\u0131m\u0131 Toplu Tedarik\u00e7isi"},"content":{"rendered":"<p><img fetchpriority=\"high\" decoding=\"async\" class=\"aligncenter size-full wp-image-997\" src=\"https:\/\/yingdeli-cutlery.com\/wp-content\/uploads\/2026\/04\/S001.webp\" alt=\"l\u00fcks \u00e7elik mutfak \u00e7atal b\u0131\u00e7ak seti sofra tak\u0131m\u0131 seti b\u0131\u00e7ak ka\u015f\u0131k \u00e7atal (\u590d\u5236)\" width=\"800\" height=\"548\" srcset=\"https:\/\/www.yingdeli-cutlery.com\/wp-content\/uploads\/2026\/04\/S001.webp 800w, https:\/\/www.yingdeli-cutlery.com\/wp-content\/uploads\/2026\/04\/S001-600x411.webp 600w\" sizes=\"(max-width: 800px) 100vw, 800px\" \/><\/p>\n<p><img decoding=\"async\" class=\"aligncenter size-full wp-image-998\" src=\"https:\/\/yingdeli-cutlery.com\/wp-content\/uploads\/2026\/04\/S001-1.webp\" alt=\"l\u00fcks \u00e7elik mutfak \u00e7atal b\u0131\u00e7ak seti sofra tak\u0131m\u0131 seti b\u0131\u00e7ak ka\u015f\u0131k \u00e7atal (\u590d\u5236)\" width=\"800\" height=\"800\" srcset=\"https:\/\/www.yingdeli-cutlery.com\/wp-content\/uploads\/2026\/04\/S001-1.webp 800w, https:\/\/www.yingdeli-cutlery.com\/wp-content\/uploads\/2026\/04\/S001-1-400x400.webp 400w, https:\/\/www.yingdeli-cutlery.com\/wp-content\/uploads\/2026\/04\/S001-1-100x100.webp 100w, https:\/\/www.yingdeli-cutlery.com\/wp-content\/uploads\/2026\/04\/S001-1-600x600.webp 600w, https:\/\/www.yingdeli-cutlery.com\/wp-content\/uploads\/2026\/04\/S001-1-300x300.webp 300w, https:\/\/www.yingdeli-cutlery.com\/wp-content\/uploads\/2026\/04\/S001-1-150x150.webp 150w, https:\/\/www.yingdeli-cutlery.com\/wp-content\/uploads\/2026\/04\/S001-1-768x768.webp 768w\" sizes=\"(max-width: 800px) 100vw, 800px\" \/><\/p>","protected":false},"excerpt":{"rendered":"","protected":false},"featured_media":997,"comment_status":"open","ping_status":"closed","template":"","meta":{"_seopress_robots_primary_cat":"none","_seopress_titles_title":"","_seopress_titles_desc":"","_seopress_robots_index":""},"product_brand":[],"product_cat":[19],"product_tag":[],"class_list":{"0":"post-996","1":"product","2":"type-product","3":"status-publish","4":"has-post-thumbnail","6":"product_cat-luxurious-cutlery","8":"first","9":"instock","10":"featured","11":"shipping-taxable","12":"product-type-simple"},"_links":{"self":[{"href":"https:\/\/www.yingdeli-cutlery.com\/tr\/wp-json\/wp\/v2\/product\/996","targetHints":{"allow":["GET"]}}],"collection":[{"href":"https:\/\/www.yingdeli-cutlery.com\/tr\/wp-json\/wp\/v2\/product"}],"about":[{"href":"https:\/\/www.yingdeli-cutlery.com\/tr\/wp-json\/wp\/v2\/types\/product"}],"replies":[{"embeddable":true,"href":"https:\/\/www.yingdeli-cutlery.com\/tr\/wp-json\/wp\/v2\/comments?post=996"}],"version-history":[{"count":2,"href":"https:\/\/www.yingdeli-cutlery.com\/tr\/wp-json\/wp\/v2\/product\/996\/revisions"}],"predecessor-version":[{"id":1039,"href":"https:\/\/www.yingdeli-cutlery.com\/tr\/wp-json\/wp\/v2\/product\/996\/revisions\/1039"}],"wp:featuredmedia":[{"embeddable":true,"href":"https:\/\/www.yingdeli-cutlery.com\/tr\/wp-json\/wp\/v2\/media\/997"}],"wp:attachment":[{"href":"https:\/\/www.yingdeli-cutlery.com\/tr\/wp-json\/wp\/v2\/media?parent=996"}],"wp:term":[{"taxonomy":"product_brand","embeddable":true,"href":"https:\/\/www.yingdeli-cutlery.com\/tr\/wp-json\/wp\/v2\/product_brand?post=996"},{"taxonomy":"product_cat","embeddable":true,"href":"https:\/\/www.yingdeli-cutlery.com\/tr\/wp-json\/wp\/v2\/product_cat?post=996"},{"taxonomy":"product_tag","embeddable":true,"href":"https:\/\/www.yingdeli-cutlery.com\/tr\/wp-json\/wp\/v2\/product_tag?post=996"}],"curies":[{"name":"wp","href":"https:\/\/api.w.org\/{rel}","templated":true}]}}